{"id":3647,"date":"2024-03-14T19:55:52","date_gmt":"2024-03-14T17:55:52","guid":{"rendered":"https:\/\/www.escolasantlluis.cat\/novaweb\/?page_id=3647"},"modified":"2024-03-14T19:59:34","modified_gmt":"2024-03-14T17:59:34","slug":"politica-de-cookies","status":"publish","type":"page","link":"https:\/\/www.escolasantlluis.cat\/novaweb\/politica-de-cookies\/","title":{"rendered":"Politica de cookies"},"content":{"rendered":"\t\t<div data-elementor-type=\"wp-page\" data-elementor-id=\"3647\" class=\"elementor elementor-3647\" data-elementor-post-type=\"page\">\n\t\t\t\t\t\t<section class=\"elementor-section elementor-top-section elementor-element elementor-element-956e0fe elementor-section-boxed elementor-section-height-default elementor-section-height-default\" data-id=\"956e0fe\" data-element_type=\"section\" data-e-type=\"section\" data-settings=\"{&quot;background_background&quot;:&quot;classic&quot;}\">\n\t\t\t\t\t\t\t<div class=\"elementor-background-overlay\"><\/div>\n\t\t\t\t\t\t\t<div class=\"elementor-container elementor-column-gap-default\">\n\t\t\t\t\t<div class=\"elementor-column elementor-col-100 elementor-top-column elementor-element elementor-element-222d459\" data-id=\"222d459\" data-element_type=\"column\" data-e-type=\"column\">\n\t\t\t<div class=\"elementor-widget-wrap elementor-element-populated\">\n\t\t\t\t\t\t<div class=\"elementor-element elementor-element-929ddb9 elementor-widget elementor-widget-heading\" data-id=\"929ddb9\" data-element_type=\"widget\" data-e-type=\"widget\" data-widget_type=\"heading.default\">\n\t\t\t\t<div class=\"elementor-widget-container\">\n\t\t\t\t\t<h2 class=\"elementor-heading-title elementor-size-default\">Pol\u00edtica de cookies<\/h2>\t\t\t\t<\/div>\n\t\t\t\t<\/div>\n\t\t\t\t\t<\/div>\n\t\t<\/div>\n\t\t\t\t\t<\/div>\n\t\t<\/section>\n\t\t\t\t<section class=\"elementor-section elementor-top-section elementor-element elementor-element-9ce5da4 elementor-section-content-middle elementor-section-boxed elementor-section-height-default elementor-section-height-default\" data-id=\"9ce5da4\" data-element_type=\"section\" data-e-type=\"section\" data-settings=\"{&quot;background_background&quot;:&quot;classic&quot;}\">\n\t\t\t\t\t\t<div class=\"elementor-container elementor-column-gap-no\">\n\t\t\t\t\t<div class=\"elementor-column elementor-col-100 elementor-top-column elementor-element elementor-element-471bfe5\" data-id=\"471bfe5\" data-element_type=\"column\" data-e-type=\"column\">\n\t\t\t<div class=\"elementor-widget-wrap elementor-element-populated\">\n\t\t\t\t\t\t<div class=\"elementor-element elementor-element-0123202 elementor-widget elementor-widget-text-editor\" data-id=\"0123202\" data-element_type=\"widget\" data-e-type=\"widget\" data-widget_type=\"text-editor.default\">\n\t\t\t\t<div class=\"elementor-widget-container\">\n\t\t\t\t\t\t\t\t\t<p class=\"s5\">L&#8217;informem que li hem de demanar el seu consentiment expr\u00e9s per gestionar les cookies del nostre lloc web. En navegar i continuar al nostre lloc web estar\u00e0 consentint l&#8217;\u00fas de les cookies en les condicions establertes en la present Pol\u00edtica de Cookies.<\/p><p class=\"s5\">Com a usuari, t\u00e9 la possibilitat d&#8217;exercir el seu dret a bloquejar, eliminar i rebutjar l&#8217;\u00fas de les cookies del present lloc web, en tot moment, modificant les opcions del seu navegador. Per favor, consulteu les instruccions i manuals del seu navegador per ampliar aquesta informaci\u00f3. Tingui en compte que, si desactiva les cookies, algunes de les funcionalitats dels serveis i les \u00e0rees d&#8217;aquest lloc web podrien no funcionar correctament.<\/p><p class=\"s5\">Les cookies s\u00f3n petits arxius que es graven al navegador (Google Chrome, Internet Explorer, Firefox, etc.) utilitzat per l&#8217;usuari per navegar pel lloc web perqu\u00e8 el servidor recordi la visita d&#8217;aquest usuari amb posterioritat quan torni a accedir a aquest lloc web i, d&#8217;aquesta manera, facilita a l&#8217;usuari un acc\u00e9s m\u00e9s r\u00e0pid als serveis seleccionats. Aquests arxius que es graven no contenen cap dada personal ni informaci\u00f3 o continguts del PC, per\u00f2 s\u00ed que permeten al sistema identificar l&#8217;usuari que va visitar el lloc web i que p\u00e0gines determinades va visualitzar.<\/p><p class=\"s5\">La Fundaci\u00f3 Escola i Vida utilitza dos tipus de cookies, que s\u00f3n les requerides i les anal\u00edtiques:<\/p><p class=\"s5\" style=\"padding-left: 40px;\">&#8211; Les cookies requerides s\u00f3n aquelles que influeixen en el funcionament normal del lloc web. Si no accepta aquestes cookies, no podr\u00e0 seguir navegat en aquest lloc web.<\/p><p class=\"s5\" style=\"padding-left: 40px;\">&#8211; Les cookies anal\u00edtiques s\u00f3n aquelles que permeten recon\u00e8ixer i comptar el nombre de visites a la nostra p\u00e0gina web, aix\u00ed com el seu comportament en aquest lloc web.<\/p><p class=\"s5\">\u00a0<\/p><table><tbody><tr><td class=\"s6\"><div><p class=\"s4\"><span class=\"s2\">N\u00famero de la cookie<\/span><\/p><\/div><\/td><td class=\"s7\"><div><p class=\"s4\"><span class=\"s2\">Descripci\u00f3\/Finalitat<\/span><\/p><\/div><\/td><td class=\"s7\"><div><p class=\"s4\"><span class=\"s2\">Prove\u00efdor<\/span><\/p><\/div><\/td><td class=\"s7\"><div><p class=\"s4\"><span class=\"s2\">Caducitat<\/span><\/p><\/div><\/td><\/tr><tr><td class=\"s6\"><div><p class=\"s5\"><span class=\"s2\">D&#8217;acord<\/span> <span class=\"s2\">amb<\/span><span class=\"s2\"> la <\/span><span class=\"s2\">galeta<\/span><span class=\"s2\">*<\/span><\/p><\/div><\/td><td class=\"s8\"><div><p class=\"s5\">El visitant ha acceptat les cookies<\/p><\/div><\/td><td class=\"s8\"><div><p class=\"s5\">Drupal<\/p><\/div><\/td><td class=\"s9\"><div><p class=\"s5\">3 mesos<\/p><\/div><\/td><\/tr><tr><td class=\"s6\"><div><p class=\"s5\"><span class=\"s2\">Categories<\/span><span class=\"s2\"> acordades <\/span><span class=\"s2\">amb<\/span> <span class=\"s2\">galetes<\/span><span class=\"s2\">*<\/span><\/p><\/div><\/td><td class=\"s8\"><div><p class=\"s5\">Indicar les categories de cookies acceptades<\/p><\/div><\/td><td class=\"s8\"><div><p class=\"s5\">Drupal<\/p><\/div><\/td><td class=\"s9\"><div><p class=\"s5\">3 mesos<\/p><\/div><\/td><\/tr><tr><td class=\"s6\"><div><p class=\"s5\"><span class=\"s2\">Versi\u00f3<\/span><span class=\"s2\"> acordada <\/span><span class=\"s2\">amb<\/span><span class=\"s2\">galetes<\/span><span class=\"s2\">*<\/span><\/p><\/div><\/td><td class=\"s8\"><div><p class=\"s5\">Indicar la versi\u00f3 de l&#8217;acceptaci\u00f3 de cookies<\/p><\/div><\/td><td class=\"s8\"><div><p class=\"s5\">Drupal<\/p><\/div><\/td><td class=\"s9\"><div><p class=\"s5\">3 mesos<\/p><\/div><\/td><\/tr><tr><td class=\"s6\"><div><p class=\"s5\"><span class=\"s2\">GCLB*<\/span><\/p><\/div><\/td><td class=\"s8\"><div><p class=\"s5\">S&#8217;utilitza per equilibrar la c\u00e0rrega de les sol\u00b7licituds de l&#8217;usuari als servidors.<\/p><\/div><\/td><td class=\"s8\"><div><p class=\"s5\">TalentClue<\/p><\/div><\/td><td class=\"s9\"><div><p class=\"s5\">Sessi\u00f3<\/p><\/div><\/td><\/tr><tr><td class=\"s6\"><div><p class=\"s5\"><span class=\"s2\">has_js<\/span><span class=\"s2\">*<\/span><\/p><\/div><\/td><td class=\"s8\"><div><p class=\"s5\">Aquesta cookie indica si el navegador de visitants t\u00e9 o no el navegador Javascripthabilitat.<\/p><\/div><\/td><td class=\"s8\"><div><p class=\"s5\">TalentClue<\/p><\/div><\/td><td class=\"s9\"><div><p class=\"s5\">Sessi\u00f3<\/p><\/div><\/td><\/tr><tr><td class=\"s6\"><div><p class=\"s5\"><span class=\"s2\">NO_CACHE_FORM*<\/span><\/p><\/div><\/td><td class=\"s8\"><div><p class=\"s5\">S&#8217; utilitza per gestionar l&#8217; emmagatzematge de p\u00e0gines en mem\u00f2ria caixet.<\/p><\/div><\/td><td class=\"s8\"><div><p class=\"s5\">TalentClue<\/p><\/div><\/td><td class=\"s9\"><div><p class=\"s5\">Sessi\u00f3<\/p><\/div><\/td><\/tr><tr><td class=\"s6\"><div><p class=\"s5\"><span class=\"s2\">verificationCodeId<\/span><span class=\"s2\">*<\/span><\/p><\/div><\/td><td class=\"s8\"><div><p class=\"s5\">S&#8217; utilitza per al flux de treball d&#8217; autenticaci\u00f3 dels candidats<\/p><\/div><\/td><td class=\"s8\"><div><p class=\"s5\">TalentClue<\/p><\/div><\/td><td class=\"s9\"><div><p class=\"s5\">Sessi\u00f3<\/p><\/div><\/td><\/tr><tr><td class=\"s6\"><div><p class=\"s5\"><span class=\"s2\">_GRECAPTCHA*<\/span><\/p><\/div><\/td><td class=\"s8\"><div><p class=\"s5\">S&#8217;utilitza per al servei de Google Recaptcha per evitar SPAM en formularis.<\/p><\/div><\/td><td class=\"s8\"><div><p class=\"s5\">Google.com<\/p><\/div><\/td><td class=\"s9\"><div><p class=\"s5\">Sessi\u00f3<\/p><\/div><\/td><\/tr><tr><td class=\"s6\"><div><p class=\"s5\"><span class=\"s2\">_<\/span><span class=\"s2\">ga<\/span><span class=\"s2\">,*<\/span><span class=\"s2\">*<\/span><\/p><\/div><\/td><td class=\"s8\"><div><p class=\"s5\">S&#8217; utilitza per distingir els usuaris<\/p><\/div><\/td><td class=\"s8\"><div><p class=\"s5\">Google<\/p><\/div><\/td><td class=\"s9\"><div><p class=\"s5\">2 anys<\/p><\/div><\/td><\/tr><tr><td class=\"s6\"><div><p class=\"s5\"><span class=\"s2\">_<\/span><span class=\"s2\">gat<\/span><span class=\"s2\">,*<\/span><span class=\"s2\">*<\/span><\/p><\/div><\/td><td class=\"s8\"><div><p class=\"s5\">S&#8217;utilitza per limitar el percentatge de sol\u00b7licituds.<\/p><\/div><\/td><td class=\"s8\"><div><p class=\"s5\">Google<\/p><\/div><\/td><td class=\"s9\"><div><p class=\"s5\">1 minut<\/p><\/div><\/td><\/tr><tr><td class=\"s10\"><div><p class=\"s5\"><span class=\"s2\">_<\/span><span class=\"s2\">gid<\/span><span class=\"s2\">**<\/span><\/p><\/div><\/td><td class=\"s11\"><div><p class=\"s5\">Registra una identificaci\u00f3 \u00fanica que s&#8217;utilitza per generar dades estad\u00edstiques sobre com utilitza el visitant el lloc web.<\/p><\/div><\/td><td class=\"s11\"><div><p class=\"s5\">Google<\/p><\/div><\/td><td class=\"s12\"><div><p class=\"s5\">1 dia<\/p><\/div><\/td><\/tr><\/tbody><\/table><p class=\"s5\" style=\"text-align: right;\"><em>*Tipologia de la cookie: Necess\u00e0ria ** Tipologia de la cookie: Anal\u00edtica<\/em><\/p><p>\u00a0<\/p><p class=\"s5\">La pol\u00edtica de cookies podr\u00e0 ser adaptada, ampliada o modificada en funci\u00f3 dels canvis normatius i de conformitat amb les instruccions de les Autoritats de Control en mat\u00e8ria de Protecci\u00f3 de Dades.<\/p><p class=\"s5\">A m\u00e9s, l&#8217;informem que aquest lloc web utilitza l&#8217;eina de Google Signals de Google Analytics que recopila les dades dels usuaris en format estad\u00edstic (com les accions amb anuncis publicitaris; les dades demogr\u00e0fiques, com el pa\u00eds o la regi\u00f3 on es troba la persona; les activitats realitzades des de diferents dispositius, com l&#8217;inici de sessi\u00f3, \u00a0les compres, etc.) sempre que aquests naveguin amb el seu compte de Google i tinguin activat el sistema de personalitzaci\u00f3 d&#8217;anuncis. Si l&#8217;usuari no desitja que fem \u00fas d&#8217;aquestes dades, haur\u00e0 de desactivar el sistema de personalitzaci\u00f3 d&#8217;anuncis del seu compte de Google a trav\u00e9s d&#8217;aquest enlla\u00e7 web: <a href=\"https:\/\/support.google.com\/My-Ad-Center-Help\/answer\/12155656\"><span class=\"s13\">https:\/\/support.google.como\/My-Ad-Center-Help\/answer\/12155656<\/span><\/a>.<\/p><p class=\"s5\"><strong><span class=\"s2\">XARXES SOCIALS<\/span><\/strong><\/p><p class=\"s5\">Les xarxes socials propietat de l&#8217;Escola Sant Llu\u00eds Gon\u00e7aga tenen una finalitat exclusivament informativa i divulgativa. En cap cas, les xarxes socials constitueixen un canal v\u00e0lid per a la presentaci\u00f3 de den\u00fancies, reclamacions o consultes jur\u00eddiques sobre casos concrets, que hauran de ser plantejades a trav\u00e9s dels canals habilitats per a aix\u00f2 i complir amb els requisits establerts en la normativa aplicable.<\/p><p class=\"s5\">L&#8217;Escola Sant Llu\u00eds Gon\u00e7aga es reserva el dret a no respondre individualment als missatges o comentaris rebuts a trav\u00e9s d&#8217;aquesta via i podr\u00e0 modificar o eliminar en tot moment i sense previ av\u00eds les publicacions, comentaris, etc., emesos en qualsevol xarxa social propietat de Fundaci\u00f3 Escola i Vida que vulnerin el respecte a la dignitat de la persona, \u00a0que siguin discriminatoris, difamatoris, xen\u00f2fobs, racistes, que fomentin l&#8217;odi i la viol\u00e8ncia, pornogr\u00e0fics, que atempten contra la joventut o la inf\u00e0ncia, l&#8217;ordre o la seguretat p\u00fablica o que, al seu parer, no fossin adequats per a la seva publicaci\u00f3.<\/p><p class=\"s5\">En tot cas, el titular del domini no ser\u00e0 responsable de les opinions abocades pels usuaris a trav\u00e9s dels f\u00f2rums, xats, blogs, xarxes socials o altres eines de participaci\u00f3 a les quals es pugui accedir a trav\u00e9s d&#8217;un enlla\u00e7 d&#8217;aquest lloc web. Tampoc assumir\u00e0 responsabilitats, per dany emergent o lucre cessant, derivades del mal \u00fas dels serveis o continguts realitzat per l&#8217; usuari o tercers.<\/p><p class=\"s5\">L&#8217;\u00fas de les xarxes socials per part de l&#8217;Escola Sant Llu\u00eds Gon\u00e7aga no implica en cap cas que la Fundaci\u00f3 es faci responsable de les pol\u00edtiques de privacitat de cada xarxa social. A m\u00e9s, at\u00e8s que alguns dels continguts de les nostres publicacions poden incloure enlla\u00e7os a p\u00e0gines webs de tercers que es consideren d&#8217;inter\u00e8s, Fundaci\u00f3 Escola i Vida tampoc assumeix cap responsabilitat pel seu contingut.<\/p><p class=\"s5\">Fundaci\u00f3 Escola i Vida segueix a altres perfils, sense que aquest fet impliqui cap tipus amb ells.<\/p><p class=\"s5\">Fundaci\u00f3 Escola i Vida garanteix el tractament de dades personals de conformitat amb la normativa de protecci\u00f3 de dades i nom\u00e9s publicar\u00e0 aquelles imatges i v\u00eddeos en qu\u00e8 apareguin persones de les quals hagi recaptat pr\u00e8viament el seu consentiment.<\/p><p class=\"s5\">El responsable del tractament \u00e9s Fundaci\u00f3 Escola i Vida, amb CIF R-0801872D i domicili a Terrassa, carrer Vinyals 47-49, \u00a0amb email de contacte <a href=\"mailto:ralvarez@escolaivida.org\"><span class=\"s13\">ralvarez@escolaivida.org<\/span><\/a> \u00a0i n\u00famero de tel\u00e8fon 93 733 71 20. Per a qualsevol q\u00fcesti\u00f3 relacionada amb el tractament de dades, pot adre\u00e7ar-se al Delegat de Protecci\u00f3 de Dades, per email a <a href=\"mailto:protecciodades@escolaivida.orgedu\"><span class=\"s13\">protecciodades@escolaivida.orgedu<\/span><\/a> o en el n\u00famero de tel\u00e8fon 93 733 71 20. En particular, pot exercir davant seu els seus drets d&#8217; acc\u00e9s, rectificaci\u00f3, supressi\u00f3, oposici\u00f3, limitaci\u00f3 del tractament i portabilitat de les dades, aix\u00ed com el dret a no estar subjecte a decisions individualitzades automatitzades. En qualsevol cas, recordi que sempre pot presentar una reclamaci\u00f3 davant d&#8217;una autoritat de control.<\/p><p>\u00a0<\/p><p>\u00a0<\/p>\t\t\t\t\t\t\t\t<\/div>\n\t\t\t\t<\/div>\n\t\t\t\t\t<\/div>\n\t\t<\/div>\n\t\t\t\t\t<\/div>\n\t\t<\/section>\n\t\t\t\t<\/div>\n\t\t","protected":false},"excerpt":{"rendered":"<p>Pol\u00edtica de cookies L&#8217;informem que li hem de demanar el seu consentiment expr\u00e9s per gestionar les cookies del nostre lloc web. En navegar i continuar al nostre lloc web estar\u00e0 consentint l&#8217;\u00fas de les cookies en les condicions establertes en la present Pol\u00edtica de Cookies. Com a usuari, t\u00e9 la possibilitat d&#8217;exercir el seu dret [&hellip;]<\/p>\n","protected":false},"author":1,"featured_media":0,"parent":0,"menu_order":0,"comment_status":"closed","ping_status":"closed","template":"","meta":{"footnotes":""},"class_list":["post-3647","page","type-page","status-publish","hentry"],"_links":{"self":[{"href":"https:\/\/www.escolasantlluis.cat\/novaweb\/wp-json\/wp\/v2\/pages\/3647","targetHints":{"allow":["GET"]}}],"collection":[{"href":"https:\/\/www.escolasantlluis.cat\/novaweb\/wp-json\/wp\/v2\/pages"}],"about":[{"href":"https:\/\/www.escolasantlluis.cat\/novaweb\/wp-json\/wp\/v2\/types\/page"}],"author":[{"embeddable":true,"href":"https:\/\/www.escolasantlluis.cat\/novaweb\/wp-json\/wp\/v2\/users\/1"}],"replies":[{"embeddable":true,"href":"https:\/\/www.escolasantlluis.cat\/novaweb\/wp-json\/wp\/v2\/comments?post=3647"}],"version-history":[{"count":7,"href":"https:\/\/www.escolasantlluis.cat\/novaweb\/wp-json\/wp\/v2\/pages\/3647\/revisions"}],"predecessor-version":[{"id":3654,"href":"https:\/\/www.escolasantlluis.cat\/novaweb\/wp-json\/wp\/v2\/pages\/3647\/revisions\/3654"}],"wp:attachment":[{"href":"https:\/\/www.escolasantlluis.cat\/novaweb\/wp-json\/wp\/v2\/media?parent=3647"}],"curies":[{"name":"wp","href":"https:\/\/api.w.org\/{rel}","templated":true}]}}