{"id":453,"date":"2022-09-06T16:46:10","date_gmt":"2022-09-06T14:46:10","guid":{"rendered":"https:\/\/www.escolasantlluis.cat\/novaweb\/?page_id=453"},"modified":"2024-03-14T18:23:09","modified_gmt":"2024-03-14T16:23:09","slug":"politica-de-privacitat","status":"publish","type":"page","link":"https:\/\/www.escolasantlluis.cat\/novaweb\/politica-de-privacitat\/","title":{"rendered":"Politica de privacitat"},"content":{"rendered":"\t\t<div data-elementor-type=\"wp-page\" data-elementor-id=\"453\" class=\"elementor elementor-453\" data-elementor-post-type=\"page\">\n\t\t\t\t\t\t<section class=\"elementor-section elementor-top-section elementor-element elementor-element-956e0fe elementor-section-boxed elementor-section-height-default elementor-section-height-default\" data-id=\"956e0fe\" data-element_type=\"section\" data-e-type=\"section\" data-settings=\"{&quot;background_background&quot;:&quot;classic&quot;}\">\n\t\t\t\t\t\t\t<div class=\"elementor-background-overlay\"><\/div>\n\t\t\t\t\t\t\t<div class=\"elementor-container elementor-column-gap-default\">\n\t\t\t\t\t<div class=\"elementor-column elementor-col-100 elementor-top-column elementor-element elementor-element-222d459\" data-id=\"222d459\" data-element_type=\"column\" data-e-type=\"column\">\n\t\t\t<div class=\"elementor-widget-wrap elementor-element-populated\">\n\t\t\t\t\t\t<div class=\"elementor-element elementor-element-929ddb9 elementor-widget elementor-widget-heading\" data-id=\"929ddb9\" data-element_type=\"widget\" data-e-type=\"widget\" data-widget_type=\"heading.default\">\n\t\t\t\t<div class=\"elementor-widget-container\">\n\t\t\t\t\t<h2 class=\"elementor-heading-title elementor-size-default\">Pol\u00edtica de privacitat<\/h2>\t\t\t\t<\/div>\n\t\t\t\t<\/div>\n\t\t\t\t\t<\/div>\n\t\t<\/div>\n\t\t\t\t\t<\/div>\n\t\t<\/section>\n\t\t\t\t<section class=\"elementor-section elementor-top-section elementor-element elementor-element-9ce5da4 elementor-section-content-middle elementor-section-boxed elementor-section-height-default elementor-section-height-default\" data-id=\"9ce5da4\" data-element_type=\"section\" data-e-type=\"section\" data-settings=\"{&quot;background_background&quot;:&quot;classic&quot;}\">\n\t\t\t\t\t\t<div class=\"elementor-container elementor-column-gap-no\">\n\t\t\t\t\t<div class=\"elementor-column elementor-col-100 elementor-top-column elementor-element elementor-element-471bfe5\" data-id=\"471bfe5\" data-element_type=\"column\" data-e-type=\"column\">\n\t\t\t<div class=\"elementor-widget-wrap elementor-element-populated\">\n\t\t\t\t\t\t<div class=\"elementor-element elementor-element-0123202 elementor-widget elementor-widget-text-editor\" data-id=\"0123202\" data-element_type=\"widget\" data-e-type=\"widget\" data-widget_type=\"text-editor.default\">\n\t\t\t\t<div class=\"elementor-widget-container\">\n\t\t\t\t\t\t\t\t\t<p><strong>LA FUNDACI\u00d3 ESCOLA I VIDA<\/strong> l&#8217;informa, de conformitat amb l&#8217;article 13 del Reglament (EU) 2016\/679 del Parlament Europeu i del Consell, de 27 d&#8217;abril de 2016, relatiu a la protecci\u00f3 de les persones f\u00edsiques pel que fa al tractament de dades personals i la lliure circulaci\u00f3 d&#8217;aquestes dades (en endavant, RGPD),\u00a0 que incorpora les seves dades personals a un fitxer de la nostra propietat, per tal de dur a terme la prestaci\u00f3 dels serveis oferts, aix\u00ed com per enviar per qualsevol mitj\u00e0, incl\u00f2s el correu electr\u00f2nic, ofertes de productes i serveis personalitzats, sempre que ens hagi donat el seu consentiment, i millorar la relaci\u00f3 i gestionar les peticions realitzades pels usuaris.<\/p><h4><span style=\"color: #d74f01;\"><strong>RESPONSABLE<\/strong><\/span><\/h4><p>FUNDACI\u00d3 ESCOLA I VIDA.<br \/>CIF R0801782D<br \/>Domicilio social en la Calle Vinyals, 47-49 08221 Terrassa (Barcelona).<br \/>Tel\u00e8fon 937 33 71 20.<br \/>Delegat de Protecci\u00f3 de Dades <a href=\"mailto:ppardo@escolaivida.org\">protecciodades@escolaivida.org<\/a>.<\/p><p>\u00a0<\/p><p><strong>Els tractaments que realitzen a trav\u00e9s d&#8217;aquesta web:<\/strong><\/p><p><strong>1. Formulari de contacte web<\/strong><\/p><ol><li style=\"list-style-type: none;\"><ol><li>Finalitat: Gestionar la seva sol.licitud i informar-lo sobre l&#8217; oferta educativa de la Fundaci\u00f3 Escola i Vida, organitzar i atendre les entrevistes pr\u00e8vies, les portes obertes i promocionar les activitats que s&#8217; ofereixen des dels centres educatius gestionats per la Fundaci\u00f3 Escola i Vida.<\/li><li>Legitimaci\u00f3: El consentiment de l&#8217; interessat.<\/li><li>Destinataris: Els diferents departaments en qu\u00e8 s&#8217; organitza la Fundaci\u00f3 Escola i Vida.<\/li><li>Per\u00edode de conservaci\u00f3: Les dades personals es conservaran durant un per\u00edode d&#8217; un any des de la seva recollida.<\/li><\/ol><\/li><\/ol><p>\u00a0<\/p><p><strong>2. Formularis d&#8217; activitats organitzades pel centre<\/strong><\/p><ol><li style=\"list-style-type: none;\"><ol><li>Finalitat: Gestionar i coordinar les diferents activitats que s&#8217; organitzen des dels centres educatius i la Fundaci\u00f3 Escola i Vida, des de l&#8217; activitat formativa i educacional fins a qualsevol activitat extraescolar.<\/li><li>Legitimaci\u00f3: El consentiment de l&#8217; interessat i l&#8217; execuci\u00f3 d&#8217; un contracte en el qual l&#8217; interessat \u00e9s part o b\u00e9 per aplicar mesures precontractuals a petici\u00f3 seva.<\/li><li>Destinataris: Els diferents departaments en qu\u00e8 s&#8217; organitza la Fundaci\u00f3 Escola i Vida i terceres entitats i, si fos el cas, a terceres empreses que participen en el desenvolupament de l&#8217; activitat. A aquest efecte, la Fundaci\u00f3 Escola i Vida signar\u00e0 en cada cas un contracte d&#8217; encarregat de tractament o de cessi\u00f3 de dades personals.<\/li><li>Per\u00edode de conservaci\u00f3: Les dades personals es conservaran durant un any des que siguin recaptades i, si fura el cas, durant el per\u00edode establert legalment per determinar les possibles responsabilitats que poguessin derivar-se d&#8217; aquesta finalitat i del tractament dels mateixos.<br \/><br \/><\/li><\/ol><\/li><\/ol><p><strong>3. Canal de den\u00fancies<\/strong><\/p><ol><li style=\"list-style-type: none;\"><ol><li>Finalitat: Gestionar i canalitzar les reclamacions que arriben a trav\u00e9s del canal de den\u00fancies.<\/li><li>Legitimaci\u00f3: El compliment d&#8217; una obligaci\u00f3 legal i d&#8217; una missi\u00f3 realitzada en inter\u00e8s p\u00fablic.<\/li><li>Destinataris: El responsable del canal de den\u00fancies i, si escau, l&#8217; \u00f2rgan competent de l&#8217; adopci\u00f3 de les mesures disciplin\u00e0ries, el responsable del departament legal de la fundaci\u00f3 i el delegat de protecci\u00f3 de dades. I, en el cas que correspongui, es comunicaran dades a tercers quan sigui necessari per a l&#8217; adopci\u00f3 de mesures correctores per part de la Fundaci\u00f3 o per a la tramitaci\u00f3 d&#8217; aquells procediments sancionadors o penals que procedeixin.<\/li><li>Per\u00edode de conservaci\u00f3: Les dades es conservaran durant el temps necessari per decidir sobre la proced\u00e8ncia d&#8217; iniciar o no una investigaci\u00f3 sobre els fets informats i com a m\u00e0xim 3 mesos des que hagin estat recaptades i, si fos el cas, durant el per\u00edode establert legalment per determinar les possibles responsabilitats que poguessin derivar-se d&#8217; aquesta finalitat i del tractament dels mateixos.<\/li><\/ol><\/li><\/ol><p><strong>4. RRSS. <\/strong><\/p><p>El Fundaci\u00f3 Escola i Vida t\u00e9 pres\u00e8ncia en algunes de les principals xarxes socials d&#8217; Internet, i les que actua com a responsable del tractament en relaci\u00f3 amb les dades publicades. Tractar\u00e0 les dades a cada xarxa social segons les normes establertes a l&#8217; efecte per cada xarxa social. Per tant, i mentre no es manifesti el contrari des del Fundaci\u00f3 Escola i Vida podrem informar, els nostres seguidors a la xarxa social corresponent de les nostres activitats, esdeveniments, i altres temes relacionats, inclosa l&#8217;atenci\u00f3 al seguidor, pels canals que la xarxa social proporcioni a l&#8217;efecte, per\u00f2 no extraur\u00e0 dades personals de les xarxes socials,\u00a0 llevat que l&#8217;usuari ens doni el seu consentiment expr\u00e9s.<\/p><p><strong>5. Butllet\u00ed. <\/strong><\/p><ol><li style=\"list-style-type: none;\"><ol><li>Finalitat: Trametre la nostra Newsletter o butllet\u00ed informatiu amb informaci\u00f3 que pugui ser del seu inter\u00e8s relacionada<\/li><li>Legitimaci\u00f3: El consentiment de l&#8217; interessat<\/li><li>Destinataris: Els diferents departaments en qu\u00e8 s&#8217; organitza la Fundaci\u00f3 Escola i Vida<\/li><li>Per\u00edode de conservaci\u00f3. Les seves dades personals seran tractades mentre no revoqui el consentiment prestat per a aquest tipus de comunicacions comercials o informatives i un cop revocat els mantindrem &#8220;bloquejats&#8221; mentre prescriguin les responsabilitats nascudes del tractament de les seves dades personals per un m\u00e0xim de 3 anys.<\/li><\/ol><\/li><\/ol><p>\u00a0<\/p><p>Es garanteix la utilitzaci\u00f3 de les dades personals de forma confidencial, complint amb el grau de seguretat i protecci\u00f3 adequat, tenint en compte les mesures de seguretat legalment establertes per evitar la seva p\u00e8rdua, deteriorament i transfer\u00e8ncia o acc\u00e9s per part de tercers no autoritzats.<\/p><p>El Fundaci\u00f3 Escola i Vida no t\u00e9 previst realitzar transfer\u00e8ncies internacionals de dades. En aquells sup\u00f2sits en qu\u00e8 sigui necessari, nom\u00e9s es realitzaran a entitats que hagin demostrat que compleixen amb el nivell de protecci\u00f3 de dades que exigeix la normativa o quan existeixi una habilitaci\u00f3 legal per realitzar la transfer\u00e8ncia internacional de dades.<\/p><p>En el cas que es doni el consentiment per a la publicaci\u00f3 de les imatges i\/o veu a les xarxes socials d&#8217;acc\u00e9s no restringit com Facebook, Twitter, Instagram, YouTube, LinkedIn, etc., l&#8217;informem que l&#8217;\u00fas d&#8217;aquests perfils implica la transfer\u00e8ncia internacional de dades. Les xarxes socials, quan realitzen una transfer\u00e8ncia internacional de dades, garanteixen que aquesta es duu a terme amb les garanties adequades que permetin als interessats exercir els seus drets exigibles i accions legals efectives.<\/p><p>En particular, pot exercir davant seu els seus drets d&#8217; acc\u00e9s, rectificaci\u00f3, supressi\u00f3, oposici\u00f3, limitaci\u00f3 del tractament i portabilitat de les dades, aix\u00ed com el dret a no estar subjecte a decisions individualitzades automatitzades. Si la base legal del tractament \u00e9s la prestaci\u00f3 del consentiment, tindr\u00e0 tamb\u00e9 dret a revocar aquest consentiment en qualsevol moment. En qualsevol cas, recordi que sempre pot presentar una reclamaci\u00f3 davant una autoritat de control (AEPD i\/o APDCAT).<\/p><p>Les seves dades es conservaran \u00fanicament durant el temps necessari per satisfer la necessitat per a la qual les va facilitar, o mentre es mantingui el consentiment, encara que la seva conservaci\u00f3 podr\u00e0 prolongar-se excepcionalment per terminis derivats de l&#8217; exercici d&#8217; accions de responsabilitat.<\/p><p>La Fundaci\u00f3 Escola i Vida podr\u00e0 alterar la present Pol\u00edtica de Privacitat per adaptar-la a la legislaci\u00f3 sobre dades personals aplicable en cada moment. En aquests sup\u00f2sits, s&#8217; anunciar\u00e0 en aquesta p\u00e0gina els canvis introdu\u00efts amb raonable antelaci\u00f3 a la seva posada en pr\u00e0ctica.<\/p><p><strong><em>Text actualitzat el novembre de 2023.<\/em><\/strong><\/p>\t\t\t\t\t\t\t\t<\/div>\n\t\t\t\t<\/div>\n\t\t\t\t\t<\/div>\n\t\t<\/div>\n\t\t\t\t\t<\/div>\n\t\t<\/section>\n\t\t\t\t<\/div>\n\t\t","protected":false},"excerpt":{"rendered":"<p>Pol\u00edtica de privacitat LA FUNDACI\u00d3 ESCOLA I VIDA l&#8217;informa, de conformitat amb l&#8217;article 13 del Reglament (EU) 2016\/679 del Parlament Europeu i del Consell, de 27 d&#8217;abril de 2016, relatiu a la protecci\u00f3 de les persones f\u00edsiques pel que fa al tractament de dades personals i la lliure circulaci\u00f3 d&#8217;aquestes dades (en endavant, RGPD),\u00a0 que [&hellip;]<\/p>\n","protected":false},"author":1,"featured_media":0,"parent":0,"menu_order":0,"comment_status":"closed","ping_status":"closed","template":"","meta":{"footnotes":""},"class_list":["post-453","page","type-page","status-publish","hentry"],"_links":{"self":[{"href":"https:\/\/www.escolasantlluis.cat\/novaweb\/wp-json\/wp\/v2\/pages\/453","targetHints":{"allow":["GET"]}}],"collection":[{"href":"https:\/\/www.escolasantlluis.cat\/novaweb\/wp-json\/wp\/v2\/pages"}],"about":[{"href":"https:\/\/www.escolasantlluis.cat\/novaweb\/wp-json\/wp\/v2\/types\/page"}],"author":[{"embeddable":true,"href":"https:\/\/www.escolasantlluis.cat\/novaweb\/wp-json\/wp\/v2\/users\/1"}],"replies":[{"embeddable":true,"href":"https:\/\/www.escolasantlluis.cat\/novaweb\/wp-json\/wp\/v2\/comments?post=453"}],"version-history":[{"count":10,"href":"https:\/\/www.escolasantlluis.cat\/novaweb\/wp-json\/wp\/v2\/pages\/453\/revisions"}],"predecessor-version":[{"id":3626,"href":"https:\/\/www.escolasantlluis.cat\/novaweb\/wp-json\/wp\/v2\/pages\/453\/revisions\/3626"}],"wp:attachment":[{"href":"https:\/\/www.escolasantlluis.cat\/novaweb\/wp-json\/wp\/v2\/media?parent=453"}],"curies":[{"name":"wp","href":"https:\/\/api.w.org\/{rel}","templated":true}]}}