{"id":656,"date":"2022-09-07T09:17:10","date_gmt":"2022-09-07T07:17:10","guid":{"rendered":"https:\/\/www.escolasantlluis.cat\/novaweb\/?page_id=656"},"modified":"2026-01-31T11:29:41","modified_gmt":"2026-01-31T09:29:41","slug":"secundaria","status":"publish","type":"page","link":"https:\/\/www.escolasantlluis.cat\/novaweb\/secundaria\/","title":{"rendered":"Secund\u00e0ria"},"content":{"rendered":"\t\t<div data-elementor-type=\"wp-page\" data-elementor-id=\"656\" class=\"elementor elementor-656\" data-elementor-post-type=\"page\">\n\t\t\t\t\t\t<section class=\"elementor-section elementor-top-section elementor-element elementor-element-956e0fe elementor-section-boxed elementor-section-height-default elementor-section-height-default\" data-id=\"956e0fe\" data-element_type=\"section\" data-e-type=\"section\" data-settings=\"{&quot;background_background&quot;:&quot;classic&quot;}\">\n\t\t\t\t\t\t\t<div class=\"elementor-background-overlay\"><\/div>\n\t\t\t\t\t\t\t<div class=\"elementor-container elementor-column-gap-default\">\n\t\t\t\t\t<div class=\"elementor-column elementor-col-100 elementor-top-column elementor-element elementor-element-222d459\" data-id=\"222d459\" data-element_type=\"column\" data-e-type=\"column\">\n\t\t\t<div class=\"elementor-widget-wrap elementor-element-populated\">\n\t\t\t\t\t\t<div class=\"elementor-element elementor-element-929ddb9 elementor-widget elementor-widget-heading\" data-id=\"929ddb9\" data-element_type=\"widget\" data-e-type=\"widget\" data-widget_type=\"heading.default\">\n\t\t\t\t<div class=\"elementor-widget-container\">\n\t\t\t\t\t<h2 class=\"elementor-heading-title elementor-size-default\">Secund\u00e0ria<\/h2>\t\t\t\t<\/div>\n\t\t\t\t<\/div>\n\t\t\t\t\t<\/div>\n\t\t<\/div>\n\t\t\t\t\t<\/div>\n\t\t<\/section>\n\t\t\t\t<section class=\"elementor-section elementor-top-section elementor-element elementor-element-9ce5da4 elementor-section-content-middle elementor-section-boxed elementor-section-height-default elementor-section-height-default\" data-id=\"9ce5da4\" data-element_type=\"section\" data-e-type=\"section\" data-settings=\"{&quot;background_background&quot;:&quot;classic&quot;}\">\n\t\t\t\t\t\t<div class=\"elementor-container elementor-column-gap-no\">\n\t\t\t\t\t<div class=\"elementor-column elementor-col-50 elementor-top-column elementor-element elementor-element-8cb279d\" data-id=\"8cb279d\" data-element_type=\"column\" data-e-type=\"column\">\n\t\t\t<div class=\"elementor-widget-wrap elementor-element-populated\">\n\t\t\t\t\t\t<div class=\"elementor-element elementor-element-e60c11e elementor-widget elementor-widget-image\" data-id=\"e60c11e\" data-element_type=\"widget\" data-e-type=\"widget\" data-widget_type=\"image.default\">\n\t\t\t\t<div class=\"elementor-widget-container\">\n\t\t\t\t\t\t\t\t\t\t\t\t\t\t\t<img decoding=\"async\" src=\"https:\/\/www.escolasantlluis.cat\/novaweb\/wp-content\/uploads\/2026\/01\/Clasutre-ESO-2526.jpeg\" title=\"Clasutre ESO 2526\" alt=\"Clasutre ESO 2526\" loading=\"lazy\" \/>\t\t\t\t\t\t\t\t\t\t\t\t\t\t\t<\/div>\n\t\t\t\t<\/div>\n\t\t\t\t\t<\/div>\n\t\t<\/div>\n\t\t\t\t<div class=\"elementor-column elementor-col-50 elementor-top-column elementor-element elementor-element-471bfe5\" data-id=\"471bfe5\" data-element_type=\"column\" data-e-type=\"column\">\n\t\t\t<div class=\"elementor-widget-wrap elementor-element-populated\">\n\t\t\t\t\t\t<div class=\"elementor-element elementor-element-d75b12e elementor-widget elementor-widget-heading\" data-id=\"d75b12e\" data-element_type=\"widget\" data-e-type=\"widget\" data-widget_type=\"heading.default\">\n\t\t\t\t<div class=\"elementor-widget-container\">\n\t\t\t\t\t<h5 class=\"elementor-heading-title elementor-size-default\">Secund\u00e0ria<\/h5>\t\t\t\t<\/div>\n\t\t\t\t<\/div>\n\t\t\t\t<div class=\"elementor-element elementor-element-c7c1e0a elementor-widget elementor-widget-heading\" data-id=\"c7c1e0a\" data-element_type=\"widget\" data-e-type=\"widget\" data-widget_type=\"heading.default\">\n\t\t\t\t<div class=\"elementor-widget-container\">\n\t\t\t\t\t<h2 class=\"elementor-heading-title elementor-size-default\">Metodologia<\/h2>\t\t\t\t<\/div>\n\t\t\t\t<\/div>\n\t\t\t\t<div class=\"elementor-element elementor-element-0123202 elementor-widget elementor-widget-text-editor\" data-id=\"0123202\" data-element_type=\"widget\" data-e-type=\"widget\" data-widget_type=\"text-editor.default\">\n\t\t\t\t<div class=\"elementor-widget-container\">\n\t\t\t\t\t\t\t\t\t<p><b>Aspectes b\u00e0sics:<\/b><\/p><ul><li><strong>Seguiment tutorial<br \/><\/strong>&#8211; Continu\u00eftat Prim\u00e0ria &#8211; Secund\u00e0ria.<br \/>&#8211; PAT actualitzat amb eines per afrontar els reptes de l&#8217;adolesc\u00e8ncia per a formar estudiants i futurs ciutadans adults.<br \/>&#8211; Cotutories<br \/>Abundant informaci\u00f3 documental per a les fam\u00edlies. acad\u00e8miques i tutorials.<br \/>&#8211; Reunions presencials i telem\u00e0tiques.<br \/>Assessorament psicopedag\u00f2gic<br \/>&#8211; Orientaci\u00f3 acad\u00e8mica i orientaci\u00f3 postobligat\u00f2ria<br \/>&#8211; Consells d&#8217;orientaci\u00f3<br \/>&#8211; Serveis externs: educaweb, C17, Joventut<\/li><li><strong>Intel\u00b7lig\u00e8ncia Emocional<br \/><\/strong>&#8211; Mat\u00e8ria d&#8217;IE<br \/>&#8211; Mediaci\u00f3 Escolar<br \/>TEI<br \/>&#8211; Conviv\u00e8ncia i Mediaci\u00f3<\/li><li><strong>Escola catalana oberta al m\u00f3n<br \/><\/strong>&#8211; Foment del coneixement i estimaci\u00f3 de la hist\u00f2ria, tradicions, cultura i llengua de Catalunya i la resta de terres de parla catalana.<br \/>&#8211; Arrelada al nostre poble i a l&#8217;entorn proper.<br \/>&#8211; Servei 3r ESO C\u00e0ritas.<br \/>&#8211; Intercanvi amb els Pa\u00efsos Baixos dins d&#8217;un projecte Eramus+.<\/li><li><strong>Secund\u00e0ria multiling\u00fce<br \/><\/strong>&#8211; 3-4h de llengua estrangera setmanals (angl\u00e8s) a cada curs.<br \/>&#8211; 3h d&#8217;una mat\u00e8ria curricular en llengua estrangera a cada curs (ci\u00e8ncies naturals o ci\u00e8ncies socials).<br \/>&#8211; Intercanvi ling\u00fc\u00edstic a Holanda<br \/>&#8211; Auxiliar de conversa a cada hora d&#8217;angl\u00e8s<\/li><li><strong>Atenci\u00f3 a la diversitat<br \/><\/strong>&#8211; Grups redu\u00efts<br \/>&#8211; Desdoblaments per necessitats educatives acad\u00e8miques<br \/>&#8211; Desdoblaments per treball a aules espec\u00edfiques: laboratori, tecnologia<br \/>&#8211; PIM<br \/>&#8211; GECT GELH<br \/>&#8211; Adaptacions a l&#8217;al\u00e7a<br \/>&#8211; Projectes Singulars: Aula Taller \/ Acada<br \/>&#8211; Treballem segons les diferents habilitats i potencials de l&#8217;alumnat.<\/li><li><strong>Escola 2.0.<br \/><\/strong>&#8211; TIC: projecte d\u2019innovaci\u00f3 ParTICip@ des de P-3 fins a 4rt d\u2019ESO.<br \/>&#8211; Moodle<br \/>&#8211; Clickedu<br \/>&#8211; Google Classroom i Drive<br \/>&#8211; Office<br \/>&#8211; Rob\u00f2tica i Programaci\u00f3<\/li><li><strong>Projecte de Recerca potent 4t ESO<\/strong><\/li><li><strong>Sortides acad\u00e8miques amb pernocta.\u00a0<\/strong><br \/>&#8211; CdA Emp\u00faries<br \/>&#8211; CdA Vall de Bo\u00ed<\/li><li><strong>Resultats en proves de compet\u00e8ncies del departament<\/strong><\/li><li><strong>Seguiment del nostre antic alumnat.<\/strong><\/li><li>Els nostres programes es completen amb un gran ventall de mat\u00e8ries complement\u00e0ries, activitats extraescolars i serveis<\/li><\/ul>\t\t\t\t\t\t\t\t<\/div>\n\t\t\t\t<\/div>\n\t\t\t\t\t<\/div>\n\t\t<\/div>\n\t\t\t\t\t<\/div>\n\t\t<\/section>\n\t\t\t\t<section class=\"elementor-section elementor-top-section elementor-element elementor-element-08d562d elementor-section-boxed elementor-section-height-default elementor-section-height-default\" data-id=\"08d562d\" data-element_type=\"section\" data-e-type=\"section\">\n\t\t\t\t\t\t<div class=\"elementor-container elementor-column-gap-default\">\n\t\t\t\t\t<div class=\"elementor-column elementor-col-100 elementor-top-column elementor-element elementor-element-c044632\" data-id=\"c044632\" data-element_type=\"column\" data-e-type=\"column\">\n\t\t\t<div class=\"elementor-widget-wrap elementor-element-populated\">\n\t\t\t\t\t\t<div class=\"elementor-element elementor-element-43fd061 elementor-widget elementor-widget-menu-anchor\" data-id=\"43fd061\" data-element_type=\"widget\" data-e-type=\"widget\" data-widget_type=\"menu-anchor.default\">\n\t\t\t\t<div class=\"elementor-widget-container\">\n\t\t\t\t\t\t\t<div class=\"elementor-menu-anchor\" id=\"resultats\"><\/div>\n\t\t\t\t\t\t<\/div>\n\t\t\t\t<\/div>\n\t\t\t\t\t<\/div>\n\t\t<\/div>\n\t\t\t\t\t<\/div>\n\t\t<\/section>\n\t\t\t\t<section class=\"elementor-section elementor-top-section elementor-element elementor-element-00d5b77 elementor-section-boxed elementor-section-height-default elementor-section-height-default\" data-id=\"00d5b77\" data-element_type=\"section\" data-e-type=\"section\">\n\t\t\t\t\t\t<div class=\"elementor-container elementor-column-gap-default\">\n\t\t\t\t\t<div class=\"elementor-column elementor-col-50 elementor-top-column elementor-element elementor-element-82d126b\" data-id=\"82d126b\" data-element_type=\"column\" data-e-type=\"column\">\n\t\t\t<div class=\"elementor-widget-wrap\">\n\t\t\t\t\t\t\t<\/div>\n\t\t<\/div>\n\t\t\t\t<div class=\"elementor-column elementor-col-50 elementor-top-column elementor-element elementor-element-cec518f\" data-id=\"cec518f\" data-element_type=\"column\" data-e-type=\"column\">\n\t\t\t<div class=\"elementor-widget-wrap\">\n\t\t\t\t\t\t\t<\/div>\n\t\t<\/div>\n\t\t\t\t\t<\/div>\n\t\t<\/section>\n\t\t\t\t<section class=\"elementor-section elementor-top-section elementor-element elementor-element-301bed5 elementor-section-content-middle elementor-hidden-desktop elementor-hidden-tablet elementor-hidden-mobile elementor-section-boxed elementor-section-height-default elementor-section-height-default\" data-id=\"301bed5\" data-element_type=\"section\" data-e-type=\"section\">\n\t\t\t\t\t\t\t<div class=\"elementor-background-overlay\"><\/div>\n\t\t\t\t\t\t\t<div class=\"elementor-container elementor-column-gap-no\">\n\t\t\t\t\t<div class=\"elementor-column elementor-col-100 elementor-top-column elementor-element elementor-element-f930fd3\" data-id=\"f930fd3\" data-element_type=\"column\" data-e-type=\"column\">\n\t\t\t<div class=\"elementor-widget-wrap elementor-element-populated\">\n\t\t\t\t\t\t<div class=\"elementor-element elementor-element-9e20a64 elementor-widget elementor-widget-heading\" data-id=\"9e20a64\" data-element_type=\"widget\" data-e-type=\"widget\" data-widget_type=\"heading.default\">\n\t\t\t\t<div class=\"elementor-widget-container\">\n\t\t\t\t\t<h5 class=\"elementor-heading-title elementor-size-default\">Secund\u00e0ria<\/h5>\t\t\t\t<\/div>\n\t\t\t\t<\/div>\n\t\t\t\t<div class=\"elementor-element elementor-element-b67e6bb elementor-widget elementor-widget-heading\" data-id=\"b67e6bb\" data-element_type=\"widget\" data-e-type=\"widget\" data-widget_type=\"heading.default\">\n\t\t\t\t<div class=\"elementor-widget-container\">\n\t\t\t\t\t<h2 class=\"elementor-heading-title elementor-size-default\">Equip docent<\/h2>\t\t\t\t<\/div>\n\t\t\t\t<\/div>\n\t\t\t\t<section class=\"elementor-section elementor-inner-section elementor-element elementor-element-688e8e2 elementor-section-boxed elementor-section-height-default elementor-section-height-default\" data-id=\"688e8e2\" data-element_type=\"section\" data-e-type=\"section\">\n\t\t\t\t\t\t<div class=\"elementor-container elementor-column-gap-default\">\n\t\t\t\t\t<div class=\"elementor-column elementor-col-20 elementor-inner-column elementor-element elementor-element-daab2da\" data-id=\"daab2da\" data-element_type=\"column\" data-e-type=\"column\">\n\t\t\t<div class=\"elementor-widget-wrap\">\n\t\t\t\t\t\t\t<\/div>\n\t\t<\/div>\n\t\t\t\t<div class=\"elementor-column elementor-col-20 elementor-inner-column elementor-element elementor-element-46d4149\" data-id=\"46d4149\" data-element_type=\"column\" data-e-type=\"column\">\n\t\t\t<div class=\"elementor-widget-wrap\">\n\t\t\t\t\t\t\t<\/div>\n\t\t<\/div>\n\t\t\t\t<div class=\"elementor-column elementor-col-20 elementor-inner-column elementor-element elementor-element-a7f89d1\" data-id=\"a7f89d1\" data-element_type=\"column\" data-e-type=\"column\">\n\t\t\t<div class=\"elementor-widget-wrap\">\n\t\t\t\t\t\t\t<\/div>\n\t\t<\/div>\n\t\t\t\t<div class=\"elementor-column elementor-col-20 elementor-inner-column elementor-element elementor-element-ad2c52b\" data-id=\"ad2c52b\" data-element_type=\"column\" data-e-type=\"column\">\n\t\t\t<div class=\"elementor-widget-wrap\">\n\t\t\t\t\t\t\t<\/div>\n\t\t<\/div>\n\t\t\t\t<div class=\"elementor-column elementor-col-20 elementor-inner-column elementor-element elementor-element-8dec205\" data-id=\"8dec205\" data-element_type=\"column\" data-e-type=\"column\">\n\t\t\t<div class=\"elementor-widget-wrap\">\n\t\t\t\t\t\t\t<\/div>\n\t\t<\/div>\n\t\t\t\t\t<\/div>\n\t\t<\/section>\n\t\t\t\t<section class=\"elementor-section elementor-inner-section elementor-element elementor-element-0f0b18f elementor-section-boxed elementor-section-height-default elementor-section-height-default\" data-id=\"0f0b18f\" data-element_type=\"section\" data-e-type=\"section\">\n\t\t\t\t\t\t<div class=\"elementor-container elementor-column-gap-default\">\n\t\t\t\t\t<div class=\"elementor-column elementor-col-20 elementor-inner-column elementor-element elementor-element-3bf8061\" data-id=\"3bf8061\" data-element_type=\"column\" data-e-type=\"column\">\n\t\t\t<div class=\"elementor-widget-wrap\">\n\t\t\t\t\t\t\t<\/div>\n\t\t<\/div>\n\t\t\t\t<div class=\"elementor-column elementor-col-20 elementor-inner-column elementor-element elementor-element-50f50bd\" data-id=\"50f50bd\" data-element_type=\"column\" data-e-type=\"column\">\n\t\t\t<div class=\"elementor-widget-wrap\">\n\t\t\t\t\t\t\t<\/div>\n\t\t<\/div>\n\t\t\t\t<div class=\"elementor-column elementor-col-20 elementor-inner-column elementor-element elementor-element-9c9225b\" data-id=\"9c9225b\" data-element_type=\"column\" data-e-type=\"column\">\n\t\t\t<div class=\"elementor-widget-wrap\">\n\t\t\t\t\t\t\t<\/div>\n\t\t<\/div>\n\t\t\t\t<div class=\"elementor-column elementor-col-20 elementor-inner-column elementor-element elementor-element-6a28b79\" data-id=\"6a28b79\" data-element_type=\"column\" data-e-type=\"column\">\n\t\t\t<div class=\"elementor-widget-wrap\">\n\t\t\t\t\t\t\t<\/div>\n\t\t<\/div>\n\t\t\t\t<div class=\"elementor-column elementor-col-20 elementor-inner-column elementor-element elementor-element-d735fbd\" data-id=\"d735fbd\" data-element_type=\"column\" data-e-type=\"column\" data-settings=\"{&quot;background_background&quot;:&quot;slideshow&quot;,&quot;background_slideshow_gallery&quot;:[],&quot;background_slideshow_loop&quot;:&quot;yes&quot;,&quot;background_slideshow_slide_duration&quot;:5000,&quot;background_slideshow_slide_transition&quot;:&quot;fade&quot;,&quot;background_slideshow_transition_duration&quot;:500}\">\n\t\t\t<div class=\"elementor-widget-wrap\">\n\t\t\t\t\t\t\t<\/div>\n\t\t<\/div>\n\t\t\t\t\t<\/div>\n\t\t<\/section>\n\t\t\t\t<section class=\"elementor-section elementor-inner-section elementor-element elementor-element-2d36742 elementor-section-boxed elementor-section-height-default elementor-section-height-default\" data-id=\"2d36742\" data-element_type=\"section\" data-e-type=\"section\">\n\t\t\t\t\t\t<div class=\"elementor-container elementor-column-gap-default\">\n\t\t\t\t\t<div class=\"elementor-column elementor-col-20 elementor-inner-column elementor-element elementor-element-ea571ec\" data-id=\"ea571ec\" data-element_type=\"column\" data-e-type=\"column\">\n\t\t\t<div class=\"elementor-widget-wrap\">\n\t\t\t\t\t\t\t<\/div>\n\t\t<\/div>\n\t\t\t\t<div class=\"elementor-column elementor-col-20 elementor-inner-column elementor-element elementor-element-875049e\" data-id=\"875049e\" data-element_type=\"column\" data-e-type=\"column\">\n\t\t\t<div class=\"elementor-widget-wrap\">\n\t\t\t\t\t\t\t<\/div>\n\t\t<\/div>\n\t\t\t\t<div class=\"elementor-column elementor-col-20 elementor-inner-column elementor-element elementor-element-63e78d7\" data-id=\"63e78d7\" data-element_type=\"column\" data-e-type=\"column\">\n\t\t\t<div class=\"elementor-widget-wrap\">\n\t\t\t\t\t\t\t<\/div>\n\t\t<\/div>\n\t\t\t\t<div class=\"elementor-column elementor-col-20 elementor-inner-column elementor-element elementor-element-b780959\" data-id=\"b780959\" data-element_type=\"column\" data-e-type=\"column\">\n\t\t\t<div class=\"elementor-widget-wrap\">\n\t\t\t\t\t\t\t<\/div>\n\t\t<\/div>\n\t\t\t\t<div class=\"elementor-column elementor-col-20 elementor-inner-column elementor-element elementor-element-b06717c\" data-id=\"b06717c\" data-element_type=\"column\" data-e-type=\"column\">\n\t\t\t<div class=\"elementor-widget-wrap\">\n\t\t\t\t\t\t\t<\/div>\n\t\t<\/div>\n\t\t\t\t\t<\/div>\n\t\t<\/section>\n\t\t\t\t\t<\/div>\n\t\t<\/div>\n\t\t\t\t\t<\/div>\n\t\t<\/section>\n\t\t\t\t<\/div>\n\t\t","protected":false},"excerpt":{"rendered":"<p>Secund\u00e0ria Secund\u00e0ria Metodologia Aspectes b\u00e0sics: Seguiment tutorial&#8211; Continu\u00eftat Prim\u00e0ria &#8211; Secund\u00e0ria.&#8211; PAT actualitzat amb eines per afrontar els reptes de l&#8217;adolesc\u00e8ncia per a formar estudiants i futurs ciutadans adults.&#8211; CotutoriesAbundant informaci\u00f3 documental per a les fam\u00edlies. acad\u00e8miques i tutorials.&#8211; Reunions presencials i telem\u00e0tiques.Assessorament psicopedag\u00f2gic&#8211; Orientaci\u00f3 acad\u00e8mica i orientaci\u00f3 postobligat\u00f2ria&#8211; Consells d&#8217;orientaci\u00f3&#8211; Serveis externs: educaweb, C17, [&hellip;]<\/p>\n","protected":false},"author":1,"featured_media":0,"parent":0,"menu_order":0,"comment_status":"closed","ping_status":"closed","template":"","meta":{"footnotes":""},"class_list":["post-656","page","type-page","status-publish","hentry"],"_links":{"self":[{"href":"https:\/\/www.escolasantlluis.cat\/novaweb\/wp-json\/wp\/v2\/pages\/656","targetHints":{"allow":["GET"]}}],"collection":[{"href":"https:\/\/www.escolasantlluis.cat\/novaweb\/wp-json\/wp\/v2\/pages"}],"about":[{"href":"https:\/\/www.escolasantlluis.cat\/novaweb\/wp-json\/wp\/v2\/types\/page"}],"author":[{"embeddable":true,"href":"https:\/\/www.escolasantlluis.cat\/novaweb\/wp-json\/wp\/v2\/users\/1"}],"replies":[{"embeddable":true,"href":"https:\/\/www.escolasantlluis.cat\/novaweb\/wp-json\/wp\/v2\/comments?post=656"}],"version-history":[{"count":82,"href":"https:\/\/www.escolasantlluis.cat\/novaweb\/wp-json\/wp\/v2\/pages\/656\/revisions"}],"predecessor-version":[{"id":6533,"href":"https:\/\/www.escolasantlluis.cat\/novaweb\/wp-json\/wp\/v2\/pages\/656\/revisions\/6533"}],"wp:attachment":[{"href":"https:\/\/www.escolasantlluis.cat\/novaweb\/wp-json\/wp\/v2\/media?parent=656"}],"curies":[{"name":"wp","href":"https:\/\/api.w.org\/{rel}","templated":true}]}}